{"id":3104,"date":"2022-05-11T03:16:09","date_gmt":"2022-05-11T03:16:09","guid":{"rendered":"http:\/\/test.loc\/?page_id=3100"},"modified":"2024-10-11T15:01:27","modified_gmt":"2024-10-11T15:01:27","slug":"contact-us","status":"publish","type":"page","link":"http:\/\/tgcars.es\/en\/contact-us\/","title":{"rendered":"Contact-us Elementor"},"content":{"rendered":"<div data-elementor-type=\"wp-page\" data-elementor-id=\"3104\" class=\"elementor elementor-3104\">\n\t\t\t\t\t\t<section class=\"elementor-section elementor-top-section elementor-element elementor-element-fd15043 elementor-section-full_width elementor-section-height-min-height elementor-section-stretched elementor-section-height-default elementor-section-items-middle\" data-id=\"fd15043\" data-element_type=\"section\" data-settings=\"{&quot;stretch_section&quot;:&quot;section-stretched&quot;,&quot;background_background&quot;:&quot;classic&quot;}\">\n\t\t\t\t\t\t<div class=\"elementor-container elementor-column-gap-default\">\n\t\t\t\t\t<div class=\"elementor-column elementor-col-100 elementor-top-column elementor-element elementor-element-5cab879\" data-id=\"5cab879\" data-element_type=\"column\">\n\t\t\t<div class=\"elementor-widget-wrap elementor-element-populated\">\n\t\t\t\t\t\t<section class=\"elementor-section elementor-inner-section elementor-element elementor-element-0bb7e84 elementor-section-boxed elementor-section-height-default elementor-section-height-default\" data-id=\"0bb7e84\" data-element_type=\"section\" data-settings=\"{&quot;background_background&quot;:&quot;classic&quot;}\">\n\t\t\t\t\t\t<div class=\"elementor-container elementor-column-gap-default\">\n\t\t\t\t\t<div class=\"elementor-column elementor-col-100 elementor-inner-column elementor-element elementor-element-1f1eb0f\" data-id=\"1f1eb0f\" data-element_type=\"column\" data-settings=\"{&quot;background_background&quot;:&quot;classic&quot;}\">\n\t\t\t<div class=\"elementor-widget-wrap elementor-element-populated\">\n\t\t\t\t\t\t<div class=\"elementor-element elementor-element-ae22989 elementor-absolute elementor-widget__width-initial elementor-widget elementor-widget-stm-contact-form-seven\" data-id=\"ae22989\" data-element_type=\"widget\" data-settings=\"{&quot;_position&quot;:&quot;absolute&quot;}\" data-widget_type=\"stm-contact-form-seven.default\">\n\t\t\t\t<div class=\"elementor-widget-container\">\n\t\t\t\n<div class=\"stm-elementor-contact-form-seven\" id=\"single_contact_form_58834\">\n\t<div class=\"icon-title\">\n\t\t\t\t\t<h2 class=\"heading-font title\">\n\t\t\t\tCONT\u00c1CTENOS\t\t\t<\/h2>\n\t\t\t<\/div>\n\n\t\n\t\n<div class=\"wpcf7 no-js\" id=\"wpcf7-f717-o1\" lang=\"en-US\" dir=\"ltr\">\n<div class=\"screen-reader-response\"><p role=\"status\" aria-live=\"polite\" aria-atomic=\"true\"><\/p> <ul><\/ul><\/div>\n<form action=\"\/wp-json\/wp\/v2\/pages\/3104\" method=\"post\" class=\"wpcf7-form init\" aria-label=\"Contact form\" novalidate=\"novalidate\" data-status=\"init\" data-trp-original-action=\"\/en\/wp-json\/wp\/v2\/pages\/3104#wpcf7-f717-o1\">\n<div style=\"display: none;\">\n<input type=\"hidden\" name=\"_wpcf7\" value=\"717\" \/>\n<input type=\"hidden\" name=\"_wpcf7_version\" value=\"5.9.8\" \/>\n<input type=\"hidden\" name=\"_wpcf7_locale\" value=\"en_US\" \/>\n<input type=\"hidden\" name=\"_wpcf7_unit_tag\" value=\"wpcf7-f717-o1\" \/>\n<input type=\"hidden\" name=\"_wpcf7_container_post\" value=\"0\" \/>\n<input type=\"hidden\" name=\"_wpcf7_posted_data_hash\" value=\"\" \/>\n<input type=\"hidden\" name=\"_wpcf7_recaptcha_response\" value=\"\" \/>\n<\/div>\n<div class=\"row\">\n    <div class=\"col-md-7 col-sm-7\">\n        <div class=\"row\">\n            <div class=\"col-md-6 col-sm-6\">\n                <div class=\"form-group\">\n                    <div class=\"contact-us-label\">Nombre*<\/div>\n                    <span class=\"wpcf7-form-control-wrap\" data-name=\"first-name\"><input size=\"40\" maxlength=\"400\" class=\"wpcf7-form-control wpcf7-text wpcf7-validates-as-required\" aria-required=\"true\" aria-invalid=\"false\" placeholder=\"Su nombre\" value=\"\" type=\"text\" name=\"first-name\" \/><\/span>\n                <\/div>\n            <\/div>\n            <div class=\"col-md-6 col-sm-6\">\n                <div class=\"form-group\">\n                    <div class=\"contact-us-label\">Apellidos*<\/div>\n                    <span class=\"wpcf7-form-control-wrap\" data-name=\"last-name\"><input size=\"40\" maxlength=\"400\" class=\"wpcf7-form-control wpcf7-text wpcf7-validates-as-required\" aria-required=\"true\" aria-invalid=\"false\" placeholder=\"Sus apellidos\" value=\"\" type=\"text\" name=\"last-name\" \/><\/span>\n                <\/div>\n            <\/div>\n        <\/div>\n        <div class=\"row\">\n            <div class=\"col-md-6 col-sm-6\">\n                <div class=\"form-group\">\n                    <div class=\"contact-us-label\">Email*<\/div>\n                    <span class=\"wpcf7-form-control-wrap\" data-name=\"email\"><input size=\"40\" maxlength=\"400\" class=\"wpcf7-form-control wpcf7-email wpcf7-validates-as-required wpcf7-text wpcf7-validates-as-email\" aria-required=\"true\" aria-invalid=\"false\" placeholder=\"email@domain.com\" value=\"\" type=\"email\" name=\"email\" \/><\/span>\n                <\/div>\n            <\/div>\n            <div class=\"col-md-6 col-sm-6\">\n                <div class=\"form-group\">\n                    <div class=\"contact-us-label\">Tel\u00e9fono<\/div>\n                    <span class=\"wpcf7-form-control-wrap\" data-name=\"phone\"><input size=\"40\" maxlength=\"400\" class=\"wpcf7-form-control wpcf7-tel wpcf7-text wpcf7-validates-as-tel\" aria-invalid=\"false\" placeholder=\"Su n\u00famero de tel\u00e9fono\" value=\"\" type=\"tel\" name=\"phone\" \/><\/span>\n                <\/div>\n            <\/div>\n        <\/div>\n\n        <div class=\"row\">\n            <div class=\"col-md-12 stm-contact-us-checkbox\">\n                <span class=\"wpcf7-form-control-wrap\" data-name=\"subscribe\"><span class=\"wpcf7-form-control wpcf7-checkbox\"><span class=\"wpcf7-list-item first last\"><label><input type=\"checkbox\" name=\"subscribe[]\" value=\"Suscr\u00edbase y obtenga las \u00faltimas actualizaciones y ofertas por email\" \/><span class=\"wpcf7-list-item-label\">Suscr\u00edbase y obtenga las \u00faltimas actualizaciones y ofertas por email<\/span><\/label><\/span><\/span><\/span>\n            <\/div>\n        <\/div>\n    <\/div>\n\n    <div class=\"col-md-5 col-sm-5\">\n        <div class=\"form-group\">\n            <div class=\"form-group\">\n                <div class=\"contact-us-label\">Mensaje<\/div>\n                <span class=\"wpcf7-form-control-wrap\" data-name=\"message\"><textarea cols=\"40\" rows=\"10\" maxlength=\"2000\" class=\"wpcf7-form-control wpcf7-textarea\" aria-invalid=\"false\" placeholder=\"Escriba su mensaje\" name=\"message\"><\/textarea><\/span>\n            <\/div>\n        <\/div>\n        <div class=\"contact-us-submit\">\n            <input class=\"wpcf7-form-control wpcf7-submit has-spinner contact-us-submit\" type=\"submit\" value=\"Enviar\" \/>\n        <\/div>\n    <\/div>\n<\/div><div class=\"wpcf7-response-output\" aria-hidden=\"true\"><\/div>\n<input type=\"hidden\" name=\"trp-form-language\" value=\"en\"\/><\/form>\n<\/div>\n\t<\/div>\n\n\t\t<\/div>\n\t\t\t\t<\/div>\n\t\t\t\t\t<\/div>\n\t\t<\/div>\n\t\t\t\t\t<\/div>\n\t\t<\/section>\n\t\t\t\t\t<\/div>\n\t\t<\/div>\n\t\t\t\t\t<\/div>\n\t\t<\/section>\n\t\t\t\t<section class=\"elementor-section elementor-top-section elementor-element elementor-element-51b8b43 elementor-section-full_width elementor-section-height-default elementor-section-height-default\" data-id=\"51b8b43\" data-element_type=\"section\">\n\t\t\t\t\t\t<div class=\"elementor-container elementor-column-gap-default\">\n\t\t\t\t\t<div class=\"elementor-column elementor-col-33 elementor-top-column elementor-element elementor-element-11ee9bf\" data-id=\"11ee9bf\" data-element_type=\"column\">\n\t\t\t<div class=\"elementor-widget-wrap elementor-element-populated\">\n\t\t\t\t\t\t<div class=\"elementor-element elementor-element-4d970ae elementor-widget elementor-widget-motors-contact-tabs\" data-id=\"4d970ae\" data-element_type=\"widget\" data-settings=\"{&quot;_animation&quot;:&quot;none&quot;}\" data-widget_type=\"motors-contact-tabs.default\">\n\t\t\t\t<div class=\"elementor-widget-container\">\n\t\t\t\t<div class=\"stm-elementor-contact-tabs\">\n\t\t<div class=\"elementor-contact-tabs\">\n\t\t\t<div class=\"elementor-contact-tabs-container\">\n\t\t\t\t<ul class=\"elementor-contact-tabs-list\">\n\t\t\t\t\t\t\t\t\t\t<li class=\"elementor-contact-tab active\" data-tab=\"316550\">\n\t\t\t\t\t\t<span class=\"tab-item\">\n\t\t\t\t\t\t\t<span class=\"elementor-contact-title-text\">\n\t\t\t\t\t\t\t\tInformaci\u00f3n\t\t\t\t\t\t\t<\/span>\n\t\t\t\t\t\t<\/span>\n\t\t\t\t\t<\/li>\n\t\t\t\t\t\t\t\t\t<\/ul>\n\t\t\t<\/div>\n\t\t\t<div class=\"contact-tabs-containers-wrap\">\n\t\t\t\t\t\t\t\t\t<div class=\"elementor-contact-panels-container contact-panel-316550 active\">\n\t\t\t\t\t\t\t\t\t\t\t\t<div class=\"tab-unit\">\n\t\t\t\t\t\t\t<div class=\"icon\">\n\t\t\t\t\t\t\t\t\t\t\t\t\t\t\t\t\t\t<i class=\"stmicon- stm-icon-pin\"><\/i>\n\t\t\t\t\t\t\t\t\t\t\t\t\t\t\t\t\t<\/div>\n\t\t\t\t\t\t\t<div class=\"text\">\n\t\t\t\t\t\t\t\t<h4 class=\"title heading-font\">\n\t\t\t\t\t\t\t\t\tDirecci\u00f3n\t\t\t\t\t\t\t\t<\/h4>\n\t\t\t\t\t\t\t\t<div class=\"content heading-font\">\n\t\t\t\t\t\t\t\t\t<p>Travessera de les Corts 27 , 08028 Barcelona<\/p>\t\t\t\t\t\t\t\t<\/div>\n\t\t\t\t\t\t\t<\/div>\n\t\t\t\t\t\t<\/div>\n\t\t\t\t\t\t\n\t\t\t\t\t\t\t\t\t\t\t\t<div class=\"tab-unit\">\n\t\t\t\t\t\t\t<div class=\"icon\">\n\t\t\t\t\t\t\t\t\t\t\t\t\t\t\t\t\t\t<i class=\"stmicon- stm-icon-phone\"><\/i>\n\t\t\t\t\t\t\t\t\t\t\t\t\t\t\t\t\t<\/div>\n\t\t\t\t\t\t\t<div class=\"text\">\n\t\t\t\t\t\t\t\t<h4 class=\"title heading-font\">\n\t\t\t\t\t\t\t\t\tTel\u00e9fonos\t\t\t\t\t\t\t\t<\/h4>\n\t\t\t\t\t\t\t\t<div class=\"content heading-font\">\n\t\t\t\t\t\t\t\t\t<p>(+34)659144990<br \/>(+34) 658881969<\/p>\t\t\t\t\t\t\t\t<\/div>\n\t\t\t\t\t\t\t<\/div>\n\t\t\t\t\t\t<\/div>\n\t\t\t\t\t\t\n\t\t\t\t\t\t\t\t\t\t\t\t<div class=\"tab-unit\">\n\t\t\t\t\t\t\t<div class=\"icon\">\n\t\t\t\t\t\t\t\t\t\t\t\t\t\t\t\t\t\t<i class=\"stmicon- stm-icon-time\"><\/i>\n\t\t\t\t\t\t\t\t\t\t\t\t\t\t\t\t\t<\/div>\n\t\t\t\t\t\t\t<div class=\"text\">\n\t\t\t\t\t\t\t\t<h4 class=\"title heading-font\">\n\t\t\t\t\t\t\t\t\tEmail\t\t\t\t\t\t\t\t<\/h4>\n\t\t\t\t\t\t\t\t<div class=\"content heading-font\">\n\t\t\t\t\t\t\t\t\t<p><a href=\"mailto:jordi@tgcars.es\"><u>jordi@tgcars.es<\/u><\/a>\u00a0<\/p>\t\t\t\t\t\t\t\t<\/div>\n\t\t\t\t\t\t\t<\/div>\n\t\t\t\t\t\t<\/div>\n\t\t\t\t\t\t\t\t\t\t\t<\/div>\n\t\t\t\t\t\t\t<\/div>\n\t\t<\/div>\n\t<\/div>\n\t\t\t<\/div>\n\t\t\t\t<\/div>\n\t\t\t\t\t<\/div>\n\t\t<\/div>\n\t\t\t\t<div class=\"elementor-column elementor-col-66 elementor-top-column elementor-element elementor-element-c583530\" data-id=\"c583530\" data-element_type=\"column\">\n\t\t\t<div class=\"elementor-widget-wrap elementor-element-populated\">\n\t\t\t\t\t\t<div class=\"elementor-element elementor-element-a98ea96 elementor-widget elementor-widget-text-editor\" data-id=\"a98ea96\" data-element_type=\"widget\" data-widget_type=\"text-editor.default\">\n\t\t\t\t<div class=\"elementor-widget-container\">\n\t\t\t\t\t\t\t<div style=\"width: 100%\"><iframe width=\"100%\" height=\"600\" frameborder=\"0\" scrolling=\"no\" marginheight=\"0\" marginwidth=\"0\" src=\"https:\/\/maps.google.com\/maps?width=100%25&amp;height=600&amp;hl=es&amp;q=Travessera%20de%20les%20Corts%2027+(Tg%20Cars)&amp;t=&amp;z=17&amp;ie=UTF8&amp;iwloc=B&amp;output=embed\"><a href=\"https:\/\/www.gps.ie\/car-satnav-gps\/\">GPS car tracker<\/a><\/iframe><\/div>\t\t\t\t\t\t<\/div>\n\t\t\t\t<\/div>\n\t\t\t\t\t<\/div>\n\t\t<\/div>\n\t\t\t\t\t<\/div>\n\t\t<\/section>\n\t\t\t\t<\/div>","protected":false},"excerpt":{"rendered":"<p>CONT\u00c1CTENOS Nombre* Apellidos* Email* Tel\u00e9fono Suscr\u00edbase y obtenga las \u00faltimas actualizaciones y ofertas por email Mensaje Informaci\u00f3n Direcci\u00f3n Travessera de les Corts 27 , 08028 Barcelona Tel\u00e9fonos (+34)659144990(+34) 658881969 Email jordi@tgcars.es\u00a0 GPS car tracker<\/p>","protected":false},"author":1,"featured_media":0,"parent":0,"menu_order":0,"comment_status":"closed","ping_status":"closed","template":"","meta":{"footnotes":""},"class_list":["post-3104","page","type-page","status-publish","hentry"],"yoast_head":"<!-- This site is optimized with the Yoast SEO plugin v23.6 - https:\/\/yoast.com\/wordpress\/plugins\/seo\/ -->\n<title>Contact-us Elementor - TG Cars - Compra Venta de Coches<\/title>\n<meta name=\"robots\" content=\"index, follow, max-snippet:-1, max-image-preview:large, max-video-preview:-1\" \/>\n<link rel=\"canonical\" href=\"http:\/\/tgcars.es\/en\/contact-us\/\" \/>\n<meta property=\"og:locale\" content=\"en_GB\" \/>\n<meta property=\"og:type\" content=\"article\" \/>\n<meta property=\"og:title\" content=\"Contact-us Elementor - TG Cars - Compra Venta de Coches\" \/>\n<meta property=\"og:description\" content=\"CONT\u00c1CTENOS Nombre* Apellidos* Email* Tel\u00e9fono Suscr\u00edbase y obtenga las \u00faltimas actualizaciones y ofertas por email Mensaje Informaci\u00f3n Direcci\u00f3n Travessera de les Corts 27 , 08028 Barcelona Tel\u00e9fonos (+34)659144990(+34) 658881969 Email jordi@tgcars.es\u00a0 GPS car tracker\" \/>\n<meta property=\"og:url\" content=\"http:\/\/tgcars.es\/en\/contact-us\/\" \/>\n<meta property=\"og:site_name\" content=\"TG Cars - Compra Venta de Coches\" \/>\n<meta property=\"article:modified_time\" content=\"2024-10-11T15:01:27+00:00\" \/>\n<meta name=\"twitter:card\" content=\"summary_large_image\" \/>\n<meta name=\"twitter:label1\" content=\"Estimated reading time\" \/>\n\t<meta name=\"twitter:data1\" content=\"1 minute\" \/>\n<script type=\"application\/ld+json\" class=\"yoast-schema-graph\">{\"@context\":\"https:\/\/schema.org\",\"@graph\":[{\"@type\":\"WebPage\",\"@id\":\"http:\/\/tgcars.es\/contact-us\/\",\"url\":\"http:\/\/tgcars.es\/contact-us\/\",\"name\":\"Contact-us Elementor - TG Cars - Compra Venta de Coches\",\"isPartOf\":{\"@id\":\"http:\/\/tgcars.es\/#website\"},\"datePublished\":\"2022-05-11T03:16:09+00:00\",\"dateModified\":\"2024-10-11T15:01:27+00:00\",\"breadcrumb\":{\"@id\":\"http:\/\/tgcars.es\/contact-us\/#breadcrumb\"},\"inLanguage\":\"en-GB\",\"potentialAction\":[{\"@type\":\"ReadAction\",\"target\":[\"http:\/\/tgcars.es\/contact-us\/\"]}]},{\"@type\":\"BreadcrumbList\",\"@id\":\"http:\/\/tgcars.es\/contact-us\/#breadcrumb\",\"itemListElement\":[{\"@type\":\"ListItem\",\"position\":1,\"name\":\"Portada\",\"item\":\"http:\/\/tgcars.es\/\"},{\"@type\":\"ListItem\",\"position\":2,\"name\":\"Contact-us Elementor\"}]},{\"@type\":\"WebSite\",\"@id\":\"http:\/\/tgcars.es\/#website\",\"url\":\"http:\/\/tgcars.es\/\",\"name\":\"TG Cars - Compra Venta de Coches\",\"description\":\"Otro sitio realizado con WordPress\",\"potentialAction\":[{\"@type\":\"SearchAction\",\"target\":{\"@type\":\"EntryPoint\",\"urlTemplate\":\"http:\/\/tgcars.es\/?s={search_term_string}\"},\"query-input\":{\"@type\":\"PropertyValueSpecification\",\"valueRequired\":true,\"valueName\":\"search_term_string\"}}],\"inLanguage\":\"en-GB\"}]}<\/script>\n<!-- \/ Yoast SEO plugin. -->","yoast_head_json":{"title":"Contact-us Elementor - TG Cars - Compra Venta de Coches","robots":{"index":"index","follow":"follow","max-snippet":"max-snippet:-1","max-image-preview":"max-image-preview:large","max-video-preview":"max-video-preview:-1"},"canonical":"http:\/\/tgcars.es\/en\/contact-us\/","og_locale":"en_GB","og_type":"article","og_title":"Contact-us Elementor - TG Cars - Compra Venta de Coches","og_description":"CONT\u00c1CTENOS Nombre* Apellidos* Email* Tel\u00e9fono Suscr\u00edbase y obtenga las \u00faltimas actualizaciones y ofertas por email Mensaje Informaci\u00f3n Direcci\u00f3n Travessera de les Corts 27 , 08028 Barcelona Tel\u00e9fonos (+34)659144990(+34) 658881969 Email jordi@tgcars.es\u00a0 GPS car tracker","og_url":"http:\/\/tgcars.es\/en\/contact-us\/","og_site_name":"TG Cars - Compra Venta de Coches","article_modified_time":"2024-10-11T15:01:27+00:00","twitter_card":"summary_large_image","twitter_misc":{"Estimated reading time":"1 minute"},"schema":{"@context":"https:\/\/schema.org","@graph":[{"@type":"WebPage","@id":"http:\/\/tgcars.es\/contact-us\/","url":"http:\/\/tgcars.es\/contact-us\/","name":"Contact-us Elementor - TG Cars - Compra Venta de Coches","isPartOf":{"@id":"http:\/\/tgcars.es\/#website"},"datePublished":"2022-05-11T03:16:09+00:00","dateModified":"2024-10-11T15:01:27+00:00","breadcrumb":{"@id":"http:\/\/tgcars.es\/contact-us\/#breadcrumb"},"inLanguage":"en-GB","potentialAction":[{"@type":"ReadAction","target":["http:\/\/tgcars.es\/contact-us\/"]}]},{"@type":"BreadcrumbList","@id":"http:\/\/tgcars.es\/contact-us\/#breadcrumb","itemListElement":[{"@type":"ListItem","position":1,"name":"Portada","item":"http:\/\/tgcars.es\/"},{"@type":"ListItem","position":2,"name":"Contact-us Elementor"}]},{"@type":"WebSite","@id":"http:\/\/tgcars.es\/#website","url":"http:\/\/tgcars.es\/","name":"TG Cars - Compra Venta de Coches","description":"Otro sitio realizado con WordPress","potentialAction":[{"@type":"SearchAction","target":{"@type":"EntryPoint","urlTemplate":"http:\/\/tgcars.es\/?s={search_term_string}"},"query-input":{"@type":"PropertyValueSpecification","valueRequired":true,"valueName":"search_term_string"}}],"inLanguage":"en-GB"}]}},"_links":{"self":[{"href":"http:\/\/tgcars.es\/en\/wp-json\/wp\/v2\/pages\/3104","targetHints":{"allow":["GET"]}}],"collection":[{"href":"http:\/\/tgcars.es\/en\/wp-json\/wp\/v2\/pages"}],"about":[{"href":"http:\/\/tgcars.es\/en\/wp-json\/wp\/v2\/types\/page"}],"author":[{"embeddable":true,"href":"http:\/\/tgcars.es\/en\/wp-json\/wp\/v2\/users\/1"}],"replies":[{"embeddable":true,"href":"http:\/\/tgcars.es\/en\/wp-json\/wp\/v2\/comments?post=3104"}],"version-history":[{"count":18,"href":"http:\/\/tgcars.es\/en\/wp-json\/wp\/v2\/pages\/3104\/revisions"}],"predecessor-version":[{"id":3840,"href":"http:\/\/tgcars.es\/en\/wp-json\/wp\/v2\/pages\/3104\/revisions\/3840"}],"wp:attachment":[{"href":"http:\/\/tgcars.es\/en\/wp-json\/wp\/v2\/media?parent=3104"}],"curies":[{"name":"wp","href":"https:\/\/api.w.org\/{rel}","templated":true}]}}