{"id":3295,"date":"2023-06-26T17:52:04","date_gmt":"2023-06-26T17:52:04","guid":{"rendered":"http:\/\/tgcars.es\/?page_id=3295"},"modified":"2023-08-21T15:34:19","modified_gmt":"2023-08-21T15:34:19","slug":"preguntas-frecuentes","status":"publish","type":"page","link":"http:\/\/tgcars.es\/en\/preguntas-frecuentes\/","title":{"rendered":"Preguntas frecuentes"},"content":{"rendered":"<div data-elementor-type=\"wp-page\" data-elementor-id=\"3295\" class=\"elementor elementor-3295\">\n\t\t\t\t\t\t<section class=\"elementor-section elementor-top-section elementor-element elementor-element-7df614d elementor-section-boxed elementor-section-height-default elementor-section-height-default\" data-id=\"7df614d\" data-element_type=\"section\">\n\t\t\t\t\t\t<div class=\"elementor-container elementor-column-gap-default\">\n\t\t\t\t\t<div class=\"elementor-column elementor-col-100 elementor-top-column elementor-element elementor-element-df1e1c0\" data-id=\"df1e1c0\" data-element_type=\"column\">\n\t\t\t<div class=\"elementor-widget-wrap elementor-element-populated\">\n\t\t\t\t\t\t<div class=\"elementor-element elementor-element-42c52ef elementor-widget elementor-widget-heading\" data-id=\"42c52ef\" data-element_type=\"widget\" data-widget_type=\"heading.default\">\n\t\t\t\t<div class=\"elementor-widget-container\">\n\t\t\t<h2 class=\"elementor-heading-title elementor-size-default\">PREGUNTAS FRECUENTES<\/h2>\t\t<\/div>\n\t\t\t\t<\/div>\n\t\t\t\t<div class=\"elementor-element elementor-element-155dc57 elementor-widget elementor-widget-stm-accordion\" data-id=\"155dc57\" data-element_type=\"widget\" data-widget_type=\"stm-accordion.default\">\n\t\t\t\t<div class=\"elementor-widget-container\">\n\t\t\t\t<div class=\"stm-elementor-accordion\">\n\t\t<div class=\"stm-elementor-accordion-container\">\n\t\t\t<div class=\"stm-elementor-panels-container\">\n\t\t\t\t\t\t\t\t\t<div class=\"stm-elementor-panel active\">\n\t\t\t\t\t\t<div class=\"stm-elementor-panel-heading\" data-heading=\"panel-0\">\n\t\t\t\t\t\t\t<h4 class=\"stm-elementor-panel-title\">\n\t\t\t\t\t\t\t\t\t\t\t\t\t\t\t\t\t\t<i class=\"stm-elementor-panel-icon far fa-bookmark\"><\/i>\n\t\t\t\t\t\t\t\t\t\t\t\t\t\t\t\t\t\t\t<span class=\"panel-title-text\">\n\t\t\t\t\t\t\t\t\t\u00bfC\u00f3mo vendo mi coche?\t\t\t\t\t\t\t\t<\/span>\n\t\t\t\t\t\t\t\t<i class=\"stm-elementor-panel-control-icon-chevron fas fa-chevron-down\"><\/i>\n\t\t\t\t\t\t\t<\/h4>\n\t\t\t\t\t\t<\/div>\n\t\t\t\t\t\t<div class=\"stm-elementor-panel-body\" data-content=\"panel-0\" style=\"display: block;\">\n\t\t\t\t\t\t\t<div class=\"stm-elementor-panel-content\">\n\t\t\t\t\t\t\t\t<div class=\"panel-content-wrap\">\n\t\t\t\t\t\t\t\t\t<p>Registra los datos de tu coche y tus datos de contacto: Completa nuestro formulario en l\u00ednea con la informaci\u00f3n b\u00e1sica de tu veh\u00edculo, una vez tasado te proporcionaremos el precio final y si estas satisfecho con la valoraci\u00f3n te haremos una transferencia de forma inmediata.<\/p>\t\t\t\t\t\t\t\t<\/div>\n\t\t\t\t\t\t\t<\/div>\n\t\t\t\t\t\t<\/div>\n\t\t\t\t\t<\/div>\n\t\t\t\t\t\t\t\t\t<div class=\"stm-elementor-panel\">\n\t\t\t\t\t\t<div class=\"stm-elementor-panel-heading\" data-heading=\"panel-1\">\n\t\t\t\t\t\t\t<h4 class=\"stm-elementor-panel-title\">\n\t\t\t\t\t\t\t\t\t\t\t\t\t\t\t\t\t\t<i class=\"stm-elementor-panel-icon far fa-bookmark\"><\/i>\n\t\t\t\t\t\t\t\t\t\t\t\t\t\t\t\t\t\t\t<span class=\"panel-title-text\">\n\t\t\t\t\t\t\t\t\t\u00bfPuedo dar mi veh\u00edculo a cambio de otro? \t\t\t\t\t\t\t\t<\/span>\n\t\t\t\t\t\t\t\t<i class=\"stm-elementor-panel-control-icon-chevron fas fa-chevron-down\"><\/i>\n\t\t\t\t\t\t\t<\/h4>\n\t\t\t\t\t\t<\/div>\n\t\t\t\t\t\t<div class=\"stm-elementor-panel-body\" data-content=\"panel-1\" >\n\t\t\t\t\t\t\t<div class=\"stm-elementor-panel-content\">\n\t\t\t\t\t\t\t\t<div class=\"panel-content-wrap\">\n\t\t\t\t\t\t\t\t\t<p>Puedes entregar tu veh\u00edculo y ser\u00e1 tasado para que sea parte del pago del que vayas a comprar en TGCARS.<\/p>\t\t\t\t\t\t\t\t<\/div>\n\t\t\t\t\t\t\t<\/div>\n\t\t\t\t\t\t<\/div>\n\t\t\t\t\t<\/div>\n\t\t\t\t\t\t\t\t\t<div class=\"stm-elementor-panel\">\n\t\t\t\t\t\t<div class=\"stm-elementor-panel-heading\" data-heading=\"panel-2\">\n\t\t\t\t\t\t\t<h4 class=\"stm-elementor-panel-title\">\n\t\t\t\t\t\t\t\t\t\t\t\t\t\t\t\t\t\t<i class=\"stm-elementor-panel-icon far fa-bookmark\"><\/i>\n\t\t\t\t\t\t\t\t\t\t\t\t\t\t\t\t\t\t\t<span class=\"panel-title-text\">\n\t\t\t\t\t\t\t\t\t\u00bfPuedo vender un coche de empresa?\t\t\t\t\t\t\t\t<\/span>\n\t\t\t\t\t\t\t\t<i class=\"stm-elementor-panel-control-icon-chevron fas fa-chevron-down\"><\/i>\n\t\t\t\t\t\t\t<\/h4>\n\t\t\t\t\t\t<\/div>\n\t\t\t\t\t\t<div class=\"stm-elementor-panel-body\" data-content=\"panel-2\" >\n\t\t\t\t\t\t\t<div class=\"stm-elementor-panel-content\">\n\t\t\t\t\t\t\t\t<div class=\"panel-content-wrap\">\n\t\t\t\t\t\t\t\t\t<p>S\u00ed, puedes vender un veh\u00edculo de empresa. Solo debes enviarnos la siguiente documentaci\u00f3n:<\/p><p>Las escrituras de la empresa donde aparezca el administrador.<\/p><p>CIF de la empresa y el DNI (NIE, pasaporte o carnet de conducir) del administrador. <\/p>\t\t\t\t\t\t\t\t<\/div>\n\t\t\t\t\t\t\t<\/div>\n\t\t\t\t\t\t<\/div>\n\t\t\t\t\t<\/div>\n\t\t\t\t\t\t\t\t\t<div class=\"stm-elementor-panel\">\n\t\t\t\t\t\t<div class=\"stm-elementor-panel-heading\" data-heading=\"panel-3\">\n\t\t\t\t\t\t\t<h4 class=\"stm-elementor-panel-title\">\n\t\t\t\t\t\t\t\t\t\t\t\t\t\t\t\t\t\t<i class=\"stm-elementor-panel-icon far fa-bookmark\"><\/i>\n\t\t\t\t\t\t\t\t\t\t\t\t\t\t\t\t\t\t\t<span class=\"panel-title-text\">\n\t\t\t\t\t\t\t\t\t\u00bfTiene alg\u00fan coste la tasaci\u00f3n de mi veh\u00edculo?\t\t\t\t\t\t\t\t<\/span>\n\t\t\t\t\t\t\t\t<i class=\"stm-elementor-panel-control-icon-chevron fas fa-chevron-down\"><\/i>\n\t\t\t\t\t\t\t<\/h4>\n\t\t\t\t\t\t<\/div>\n\t\t\t\t\t\t<div class=\"stm-elementor-panel-body\" data-content=\"panel-3\" >\n\t\t\t\t\t\t\t<div class=\"stm-elementor-panel-content\">\n\t\t\t\t\t\t\t\t<div class=\"panel-content-wrap\">\n\t\t\t\t\t\t\t\t\t<p>No, las tasaciones son completamente gratuitas y tu decides si vender tu coche o no.<\/p>\t\t\t\t\t\t\t\t<\/div>\n\t\t\t\t\t\t\t<\/div>\n\t\t\t\t\t\t<\/div>\n\t\t\t\t\t<\/div>\n\t\t\t\t\t\t\t\t\t<div class=\"stm-elementor-panel\">\n\t\t\t\t\t\t<div class=\"stm-elementor-panel-heading\" data-heading=\"panel-4\">\n\t\t\t\t\t\t\t<h4 class=\"stm-elementor-panel-title\">\n\t\t\t\t\t\t\t\t\t\t\t\t\t\t\t\t\t\t<i class=\"stm-elementor-panel-icon far fa-bookmark\"><\/i>\n\t\t\t\t\t\t\t\t\t\t\t\t\t\t\t\t\t\t\t<span class=\"panel-title-text\">\n\t\t\t\t\t\t\t\t\t\u00bfPor qu\u00e9 vender tu coche en TGCARS?\t\t\t\t\t\t\t\t<\/span>\n\t\t\t\t\t\t\t\t<i class=\"stm-elementor-panel-control-icon-chevron fas fa-chevron-down\"><\/i>\n\t\t\t\t\t\t\t<\/h4>\n\t\t\t\t\t\t<\/div>\n\t\t\t\t\t\t<div class=\"stm-elementor-panel-body\" data-content=\"panel-4\" >\n\t\t\t\t\t\t\t<div class=\"stm-elementor-panel-content\">\n\t\t\t\t\t\t\t\t<div class=\"panel-content-wrap\">\n\t\t\t\t\t\t\t\t\t<p>Te ofrecemos un servicio inmediato de compra de tu veh\u00edculo. Nos ocupamos de todos los tr\u00e1mites y hacemos los pagos inmediatos.<\/p>\t\t\t\t\t\t\t\t<\/div>\n\t\t\t\t\t\t\t<\/div>\n\t\t\t\t\t\t<\/div>\n\t\t\t\t\t<\/div>\n\t\t\t\t\t\t\t\t\t<div class=\"stm-elementor-panel\">\n\t\t\t\t\t\t<div class=\"stm-elementor-panel-heading\" data-heading=\"panel-5\">\n\t\t\t\t\t\t\t<h4 class=\"stm-elementor-panel-title\">\n\t\t\t\t\t\t\t\t\t\t\t\t\t\t\t\t\t\t<i class=\"stm-elementor-panel-icon far fa-bookmark\"><\/i>\n\t\t\t\t\t\t\t\t\t\t\t\t\t\t\t\t\t\t\t<span class=\"panel-title-text\">\n\t\t\t\t\t\t\t\t\t\u00bfPor qu\u00e9 comprar un coche en TGCARS?\t\t\t\t\t\t\t\t<\/span>\n\t\t\t\t\t\t\t\t<i class=\"stm-elementor-panel-control-icon-chevron fas fa-chevron-down\"><\/i>\n\t\t\t\t\t\t\t<\/h4>\n\t\t\t\t\t\t<\/div>\n\t\t\t\t\t\t<div class=\"stm-elementor-panel-body\" data-content=\"panel-5\" >\n\t\t\t\t\t\t\t<div class=\"stm-elementor-panel-content\">\n\t\t\t\t\t\t\t\t<div class=\"panel-content-wrap\">\n\t\t\t\t\t\t\t\t\t<p>Llevamos m\u00e1s de 10 a\u00f1os en el servicio de la automoci\u00f3n, con taller propio y con un volumen de veh\u00edculos de m\u00e1s de 60 veh\u00edculos en estoc. Ofrecemos una garant\u00eda anual y todos nuestros veh\u00edculos han estado revisados y verificados cuidadosamente.<\/p><p>Nuestro servicio postventa es \u00fanico, ofreciendo al cliente todo lo que necesita.<\/p>\t\t\t\t\t\t\t\t<\/div>\n\t\t\t\t\t\t\t<\/div>\n\t\t\t\t\t\t<\/div>\n\t\t\t\t\t<\/div>\n\t\t\t\t\t\t\t<\/div>\n\t\t<\/div>\n\t<\/div>\n\t\t\t<\/div>\n\t\t\t\t<\/div>\n\t\t\t\t\t<\/div>\n\t\t<\/div>\n\t\t\t\t\t<\/div>\n\t\t<\/section>\n\t\t\t\t<\/div>","protected":false},"excerpt":{"rendered":"<p>PREGUNTAS FRECUENTES \u00bfC\u00f3mo vendo mi coche? Registra los datos de tu coche y tus datos de contacto: Completa nuestro formulario en l\u00ednea con la informaci\u00f3n b\u00e1sica de tu veh\u00edculo, una vez tasado te proporcionaremos el precio final y si estas satisfecho con la valoraci\u00f3n te haremos una transferencia de forma inmediata. \u00bfPuedo dar mi veh\u00edculo&#8230;<\/p>","protected":false},"author":1,"featured_media":0,"parent":0,"menu_order":0,"comment_status":"closed","ping_status":"closed","template":"","meta":{"footnotes":""},"class_list":["post-3295","page","type-page","status-publish","hentry"],"yoast_head":"<!-- This site is optimized with the Yoast SEO plugin v23.6 - https:\/\/yoast.com\/wordpress\/plugins\/seo\/ -->\n<title>Preguntas frecuentes - TG Cars - Compra Venta de Coches<\/title>\n<meta name=\"robots\" content=\"index, follow, max-snippet:-1, max-image-preview:large, max-video-preview:-1\" \/>\n<link rel=\"canonical\" href=\"http:\/\/tgcars.es\/en\/preguntas-frecuentes\/\" \/>\n<meta property=\"og:locale\" content=\"en_GB\" \/>\n<meta property=\"og:type\" content=\"article\" \/>\n<meta property=\"og:title\" content=\"Preguntas frecuentes - TG Cars - Compra Venta de Coches\" \/>\n<meta property=\"og:description\" content=\"PREGUNTAS FRECUENTES \u00bfC\u00f3mo vendo mi coche? Registra los datos de tu coche y tus datos de contacto: Completa nuestro formulario en l\u00ednea con la informaci\u00f3n b\u00e1sica de tu veh\u00edculo, una vez tasado te proporcionaremos el precio final y si estas satisfecho con la valoraci\u00f3n te haremos una transferencia de forma inmediata. \u00bfPuedo dar mi veh\u00edculo...\" \/>\n<meta property=\"og:url\" content=\"http:\/\/tgcars.es\/en\/preguntas-frecuentes\/\" \/>\n<meta property=\"og:site_name\" content=\"TG Cars - Compra Venta de Coches\" \/>\n<meta property=\"article:modified_time\" content=\"2023-08-21T15:34:19+00:00\" \/>\n<meta name=\"twitter:card\" content=\"summary_large_image\" \/>\n<meta name=\"twitter:label1\" content=\"Estimated reading time\" \/>\n\t<meta name=\"twitter:data1\" content=\"1 minute\" \/>\n<script type=\"application\/ld+json\" class=\"yoast-schema-graph\">{\"@context\":\"https:\/\/schema.org\",\"@graph\":[{\"@type\":\"WebPage\",\"@id\":\"http:\/\/tgcars.es\/preguntas-frecuentes\/\",\"url\":\"http:\/\/tgcars.es\/preguntas-frecuentes\/\",\"name\":\"Preguntas frecuentes - TG Cars - Compra Venta de Coches\",\"isPartOf\":{\"@id\":\"http:\/\/tgcars.es\/#website\"},\"datePublished\":\"2023-06-26T17:52:04+00:00\",\"dateModified\":\"2023-08-21T15:34:19+00:00\",\"breadcrumb\":{\"@id\":\"http:\/\/tgcars.es\/preguntas-frecuentes\/#breadcrumb\"},\"inLanguage\":\"en-GB\",\"potentialAction\":[{\"@type\":\"ReadAction\",\"target\":[\"http:\/\/tgcars.es\/preguntas-frecuentes\/\"]}]},{\"@type\":\"BreadcrumbList\",\"@id\":\"http:\/\/tgcars.es\/preguntas-frecuentes\/#breadcrumb\",\"itemListElement\":[{\"@type\":\"ListItem\",\"position\":1,\"name\":\"Portada\",\"item\":\"http:\/\/tgcars.es\/\"},{\"@type\":\"ListItem\",\"position\":2,\"name\":\"Preguntas frecuentes\"}]},{\"@type\":\"WebSite\",\"@id\":\"http:\/\/tgcars.es\/#website\",\"url\":\"http:\/\/tgcars.es\/\",\"name\":\"TG Cars - Compra Venta de Coches\",\"description\":\"Otro sitio realizado con WordPress\",\"potentialAction\":[{\"@type\":\"SearchAction\",\"target\":{\"@type\":\"EntryPoint\",\"urlTemplate\":\"http:\/\/tgcars.es\/?s={search_term_string}\"},\"query-input\":{\"@type\":\"PropertyValueSpecification\",\"valueRequired\":true,\"valueName\":\"search_term_string\"}}],\"inLanguage\":\"en-GB\"}]}<\/script>\n<!-- \/ Yoast SEO plugin. -->","yoast_head_json":{"title":"Preguntas frecuentes - TG Cars - Compra Venta de Coches","robots":{"index":"index","follow":"follow","max-snippet":"max-snippet:-1","max-image-preview":"max-image-preview:large","max-video-preview":"max-video-preview:-1"},"canonical":"http:\/\/tgcars.es\/en\/preguntas-frecuentes\/","og_locale":"en_GB","og_type":"article","og_title":"Preguntas frecuentes - TG Cars - Compra Venta de Coches","og_description":"PREGUNTAS FRECUENTES \u00bfC\u00f3mo vendo mi coche? Registra los datos de tu coche y tus datos de contacto: Completa nuestro formulario en l\u00ednea con la informaci\u00f3n b\u00e1sica de tu veh\u00edculo, una vez tasado te proporcionaremos el precio final y si estas satisfecho con la valoraci\u00f3n te haremos una transferencia de forma inmediata. \u00bfPuedo dar mi veh\u00edculo...","og_url":"http:\/\/tgcars.es\/en\/preguntas-frecuentes\/","og_site_name":"TG Cars - Compra Venta de Coches","article_modified_time":"2023-08-21T15:34:19+00:00","twitter_card":"summary_large_image","twitter_misc":{"Estimated reading time":"1 minute"},"schema":{"@context":"https:\/\/schema.org","@graph":[{"@type":"WebPage","@id":"http:\/\/tgcars.es\/preguntas-frecuentes\/","url":"http:\/\/tgcars.es\/preguntas-frecuentes\/","name":"Preguntas frecuentes - TG Cars - Compra Venta de Coches","isPartOf":{"@id":"http:\/\/tgcars.es\/#website"},"datePublished":"2023-06-26T17:52:04+00:00","dateModified":"2023-08-21T15:34:19+00:00","breadcrumb":{"@id":"http:\/\/tgcars.es\/preguntas-frecuentes\/#breadcrumb"},"inLanguage":"en-GB","potentialAction":[{"@type":"ReadAction","target":["http:\/\/tgcars.es\/preguntas-frecuentes\/"]}]},{"@type":"BreadcrumbList","@id":"http:\/\/tgcars.es\/preguntas-frecuentes\/#breadcrumb","itemListElement":[{"@type":"ListItem","position":1,"name":"Portada","item":"http:\/\/tgcars.es\/"},{"@type":"ListItem","position":2,"name":"Preguntas frecuentes"}]},{"@type":"WebSite","@id":"http:\/\/tgcars.es\/#website","url":"http:\/\/tgcars.es\/","name":"TG Cars - Compra Venta de Coches","description":"Otro sitio realizado con WordPress","potentialAction":[{"@type":"SearchAction","target":{"@type":"EntryPoint","urlTemplate":"http:\/\/tgcars.es\/?s={search_term_string}"},"query-input":{"@type":"PropertyValueSpecification","valueRequired":true,"valueName":"search_term_string"}}],"inLanguage":"en-GB"}]}},"_links":{"self":[{"href":"http:\/\/tgcars.es\/en\/wp-json\/wp\/v2\/pages\/3295","targetHints":{"allow":["GET"]}}],"collection":[{"href":"http:\/\/tgcars.es\/en\/wp-json\/wp\/v2\/pages"}],"about":[{"href":"http:\/\/tgcars.es\/en\/wp-json\/wp\/v2\/types\/page"}],"author":[{"embeddable":true,"href":"http:\/\/tgcars.es\/en\/wp-json\/wp\/v2\/users\/1"}],"replies":[{"embeddable":true,"href":"http:\/\/tgcars.es\/en\/wp-json\/wp\/v2\/comments?post=3295"}],"version-history":[{"count":9,"href":"http:\/\/tgcars.es\/en\/wp-json\/wp\/v2\/pages\/3295\/revisions"}],"predecessor-version":[{"id":3398,"href":"http:\/\/tgcars.es\/en\/wp-json\/wp\/v2\/pages\/3295\/revisions\/3398"}],"wp:attachment":[{"href":"http:\/\/tgcars.es\/en\/wp-json\/wp\/v2\/media?parent=3295"}],"curies":[{"name":"wp","href":"https:\/\/api.w.org\/{rel}","templated":true}]}}