{"id":3306,"date":"2023-06-26T18:13:16","date_gmt":"2023-06-26T18:13:16","guid":{"rendered":"http:\/\/tgcars.es\/?page_id=3306"},"modified":"2023-08-22T18:41:07","modified_gmt":"2023-08-22T18:41:07","slug":"vende-tu-coche","status":"publish","type":"page","link":"http:\/\/tgcars.es\/en\/vende-tu-coche\/","title":{"rendered":"Vende tu coche"},"content":{"rendered":"<div data-elementor-type=\"wp-page\" data-elementor-id=\"3306\" class=\"elementor elementor-3306\">\n\t\t\t\t\t\t<section class=\"elementor-section elementor-top-section elementor-element elementor-element-5688b94 elementor-section-boxed elementor-section-height-default elementor-section-height-default\" data-id=\"5688b94\" data-element_type=\"section\">\n\t\t\t\t\t\t<div class=\"elementor-container elementor-column-gap-default\">\n\t\t\t\t\t<div class=\"elementor-column elementor-col-100 elementor-top-column elementor-element elementor-element-2b330a6\" data-id=\"2b330a6\" data-element_type=\"column\">\n\t\t\t<div class=\"elementor-widget-wrap elementor-element-populated\">\n\t\t\t\t\t\t<div class=\"elementor-element elementor-element-916839e elementor-widget elementor-widget-spacer\" data-id=\"916839e\" data-element_type=\"widget\" data-widget_type=\"spacer.default\">\n\t\t\t\t<div class=\"elementor-widget-container\">\n\t\t\t\t\t<div class=\"elementor-spacer\">\n\t\t\t<div class=\"elementor-spacer-inner\"><\/div>\n\t\t<\/div>\n\t\t\t\t<\/div>\n\t\t\t\t<\/div>\n\t\t\t\t<div class=\"elementor-element elementor-element-c663d57 elementor-widget elementor-widget-heading\" data-id=\"c663d57\" data-element_type=\"widget\" data-widget_type=\"heading.default\">\n\t\t\t\t<div class=\"elementor-widget-container\">\n\t\t\t<h2 class=\"elementor-heading-title elementor-size-default\">\u00bfEst\u00e1s pensando en vender o cambiar tu coche?<\/h2>\t\t<\/div>\n\t\t\t\t<\/div>\n\t\t\t\t<div class=\"elementor-element elementor-element-1341ffc elementor-widget elementor-widget-spacer\" data-id=\"1341ffc\" data-element_type=\"widget\" data-widget_type=\"spacer.default\">\n\t\t\t\t<div class=\"elementor-widget-container\">\n\t\t\t\t\t<div class=\"elementor-spacer\">\n\t\t\t<div class=\"elementor-spacer-inner\"><\/div>\n\t\t<\/div>\n\t\t\t\t<\/div>\n\t\t\t\t<\/div>\n\t\t\t\t<div class=\"elementor-element elementor-element-6fa506b elementor-widget elementor-widget-heading\" data-id=\"6fa506b\" data-element_type=\"widget\" data-widget_type=\"heading.default\">\n\t\t\t\t<div class=\"elementor-widget-container\">\n\t\t\t<h4 class=\"elementor-heading-title elementor-size-default\">En Tgcars, te ofrecemos la oportunidad de vender tu coche de manera eficiente y sin complicaciones.<\/h4>\t\t<\/div>\n\t\t\t\t<\/div>\n\t\t\t\t<div class=\"elementor-element elementor-element-d8eb6a9 elementor-widget elementor-widget-spacer\" data-id=\"d8eb6a9\" data-element_type=\"widget\" data-widget_type=\"spacer.default\">\n\t\t\t\t<div class=\"elementor-widget-container\">\n\t\t\t\t\t<div class=\"elementor-spacer\">\n\t\t\t<div class=\"elementor-spacer-inner\"><\/div>\n\t\t<\/div>\n\t\t\t\t<\/div>\n\t\t\t\t<\/div>\n\t\t\t\t<div class=\"elementor-element elementor-element-b33a505 elementor-widget elementor-widget-text-editor\" data-id=\"b33a505\" data-element_type=\"widget\" data-widget_type=\"text-editor.default\">\n\t\t\t\t<div class=\"elementor-widget-container\">\n\t\t\t\t\t\t\t<p>Sabemos que vender un coche puede ser un proceso tedioso y consumir mucho tiempo, pero con nuestro servicio, podr\u00e1s deshacerte de tu veh\u00edculo de forma f\u00e1cil y segura.<\/p><p>Nuestro equipo de expertos en compraventa de coches est\u00e1 listo para ayudarte en cada paso del camino. Solo tienes que seguir estos sencillos pasos:<\/p><ul><li>Proporciona los detalles de tu coche: Completa nuestro formulario en l\u00ednea con la informaci\u00f3n b\u00e1sica de tu veh\u00edculo, incluyendo la marca, modelo, a\u00f1o de fabricaci\u00f3n, kilometraje y cualquier otro detalle relevante. Tambi\u00e9n puedes adjuntar fotograf\u00edas para que los compradores potenciales puedan tener una idea clara de c\u00f3mo es tu coche.<\/li><li>Recibe una valoraci\u00f3n: Una vez que hayamos recibido los detalles de tu coche, nuestro equipo evaluar\u00e1 la informaci\u00f3n y te proporcionar\u00e1 una valoraci\u00f3n justa y competitiva. Nos esforzamos por ofrecer precios justos para que puedas obtener el mejor trato posible.<\/li><li>Gesti\u00f3n de los tr\u00e1mites: Nos encargaremos de todos los tr\u00e1mites administrativos relacionados con la venta de tu coche. Desde la redacci\u00f3n del contrato de compraventa hasta la transferencia de la titularidad, nosotros nos ocupamos de todo el papeleo para que no tengas que preocuparte por nada.\u00a0<\/li><\/ul>\t\t\t\t\t\t<\/div>\n\t\t\t\t<\/div>\n\t\t\t\t<div class=\"elementor-element elementor-element-19100dd elementor-widget elementor-widget-spacer\" data-id=\"19100dd\" data-element_type=\"widget\" data-widget_type=\"spacer.default\">\n\t\t\t\t<div class=\"elementor-widget-container\">\n\t\t\t\t\t<div class=\"elementor-spacer\">\n\t\t\t<div class=\"elementor-spacer-inner\"><\/div>\n\t\t<\/div>\n\t\t\t\t<\/div>\n\t\t\t\t<\/div>\n\t\t\t\t\t<\/div>\n\t\t<\/div>\n\t\t\t\t\t<\/div>\n\t\t<\/section>\n\t\t\t\t<section class=\"elementor-section elementor-top-section elementor-element elementor-element-3905ceb3 elementor-section-content-middle elementor-section-boxed elementor-section-height-default elementor-section-height-default\" data-id=\"3905ceb3\" data-element_type=\"section\" data-settings=\"{&quot;background_background&quot;:&quot;classic&quot;}\">\n\t\t\t\t\t\t\t<div class=\"elementor-background-overlay\"><\/div>\n\t\t\t\t\t\t\t<div class=\"elementor-container elementor-column-gap-no\">\n\t\t\t\t\t<div class=\"elementor-column elementor-col-100 elementor-top-column elementor-element elementor-element-4679615a\" data-id=\"4679615a\" data-element_type=\"column\">\n\t\t\t<div class=\"elementor-widget-wrap elementor-element-populated\">\n\t\t\t\t\t\t<div class=\"elementor-element elementor-element-56f548f3 elementor-widget elementor-widget-heading\" data-id=\"56f548f3\" data-element_type=\"widget\" data-widget_type=\"heading.default\">\n\t\t\t\t<div class=\"elementor-widget-container\">\n\t\t\t<h6 class=\"elementor-heading-title elementor-size-default\">Cont\u00e1ctanos<\/h6>\t\t<\/div>\n\t\t\t\t<\/div>\n\t\t\t\t<div class=\"elementor-element elementor-element-782db3fe elementor-widget elementor-widget-heading\" data-id=\"782db3fe\" data-element_type=\"widget\" data-widget_type=\"heading.default\">\n\t\t\t\t<div class=\"elementor-widget-container\">\n\t\t\t<h6 class=\"elementor-heading-title elementor-size-default\">+34 659 144 990\n<br>+34 658 881 969<\/h6>\t\t<\/div>\n\t\t\t\t<\/div>\n\t\t\t\t<div class=\"elementor-element elementor-element-4db7901f elementor-widget elementor-widget-heading\" data-id=\"4db7901f\" data-element_type=\"widget\" data-widget_type=\"heading.default\">\n\t\t\t\t<div class=\"elementor-widget-container\">\n\t\t\t<h3 class=\"elementor-heading-title elementor-size-default\">Pol\u00edgono Industrial Can Fuster, 22-23-24,\u00a0<br>08740\u00a0Sant Andreu de la Barca.<\/h3>\t\t<\/div>\n\t\t\t\t<\/div>\n\t\t\t\t<div class=\"elementor-element elementor-element-96c77f elementor-widget elementor-widget-google_maps\" data-id=\"96c77f\" data-element_type=\"widget\" data-widget_type=\"google_maps.default\">\n\t\t\t\t<div class=\"elementor-widget-container\">\n\t\t\t\t\t<div class=\"elementor-custom-embed\">\n\t\t\t<iframe loading=\"lazy\"\n\t\t\t\t\tsrc=\"https:\/\/maps.google.com\/maps?q=Pol%C3%ADgono%20Industrial%20Can%20Fuster%2C%2022-23-24%2C%C2%A008740%C2%A0Sant%20Andreu%20de%20la%20Barca&#038;t=m&#038;z=15&#038;output=embed&#038;iwloc=near\"\n\t\t\t\t\ttitle=\"Pol\u00edgono Industrial Can Fuster, 22-23-24,\u00a008740\u00a0Sant Andreu de la Barca\"\n\t\t\t\t\taria-label=\"Pol\u00edgono Industrial Can Fuster, 22-23-24,\u00a008740\u00a0Sant Andreu de la Barca\"\n\t\t\t><\/iframe>\n\t\t<\/div>\n\t\t\t\t<\/div>\n\t\t\t\t<\/div>\n\t\t\t\t<div class=\"elementor-element elementor-element-24e1a422 elementor-shape-rounded elementor-grid-0 e-grid-align-center elementor-widget elementor-widget-social-icons\" data-id=\"24e1a422\" data-element_type=\"widget\" data-widget_type=\"social-icons.default\">\n\t\t\t\t<div class=\"elementor-widget-container\">\n\t\t\t\t\t<div class=\"elementor-social-icons-wrapper elementor-grid\">\n\t\t\t\t\t\t\t<span class=\"elementor-grid-item\">\n\t\t\t\t\t<a class=\"elementor-icon elementor-social-icon elementor-social-icon-instagram elementor-animation-grow elementor-repeater-item-7b9d1bc\" target=\"_blank\">\n\t\t\t\t\t\t<span class=\"elementor-screen-only\">Instagram<\/span>\n\t\t\t\t\t\t<i class=\"fab fa-instagram\"><\/i>\t\t\t\t\t<\/a>\n\t\t\t\t<\/span>\n\t\t\t\t\t<\/div>\n\t\t\t\t<\/div>\n\t\t\t\t<\/div>\n\t\t\t\t\t<\/div>\n\t\t<\/div>\n\t\t\t\t\t<\/div>\n\t\t<\/section>\n\t\t\t\t<\/div>","protected":false},"excerpt":{"rendered":"<p>\u00bfEst\u00e1s pensando en vender o cambiar tu coche? En Tgcars, te ofrecemos la oportunidad de vender tu coche de manera eficiente y sin complicaciones. Sabemos que vender un coche puede ser un proceso tedioso y consumir mucho tiempo, pero con nuestro servicio, podr\u00e1s deshacerte de tu veh\u00edculo de forma f\u00e1cil y segura. Nuestro equipo de&#8230;<\/p>","protected":false},"author":1,"featured_media":0,"parent":0,"menu_order":0,"comment_status":"closed","ping_status":"closed","template":"","meta":{"footnotes":""},"class_list":["post-3306","page","type-page","status-publish","hentry"],"yoast_head":"<!-- This site is optimized with the Yoast SEO plugin v23.6 - https:\/\/yoast.com\/wordpress\/plugins\/seo\/ -->\n<title>Vende tu coche - TG Cars - Compra Venta de Coches<\/title>\n<meta name=\"robots\" content=\"index, follow, max-snippet:-1, max-image-preview:large, max-video-preview:-1\" \/>\n<link rel=\"canonical\" href=\"http:\/\/tgcars.es\/en\/vende-tu-coche\/\" \/>\n<meta property=\"og:locale\" content=\"en_GB\" \/>\n<meta property=\"og:type\" content=\"article\" \/>\n<meta property=\"og:title\" content=\"Vende tu coche - TG Cars - Compra Venta de Coches\" \/>\n<meta property=\"og:description\" content=\"\u00bfEst\u00e1s pensando en vender o cambiar tu coche? En Tgcars, te ofrecemos la oportunidad de vender tu coche de manera eficiente y sin complicaciones. Sabemos que vender un coche puede ser un proceso tedioso y consumir mucho tiempo, pero con nuestro servicio, podr\u00e1s deshacerte de tu veh\u00edculo de forma f\u00e1cil y segura. Nuestro equipo de...\" \/>\n<meta property=\"og:url\" content=\"http:\/\/tgcars.es\/en\/vende-tu-coche\/\" \/>\n<meta property=\"og:site_name\" content=\"TG Cars - Compra Venta de Coches\" \/>\n<meta property=\"article:modified_time\" content=\"2023-08-22T18:41:07+00:00\" \/>\n<meta name=\"twitter:card\" content=\"summary_large_image\" \/>\n<meta name=\"twitter:label1\" content=\"Estimated reading time\" \/>\n\t<meta name=\"twitter:data1\" content=\"1 minute\" \/>\n<script type=\"application\/ld+json\" class=\"yoast-schema-graph\">{\"@context\":\"https:\/\/schema.org\",\"@graph\":[{\"@type\":\"WebPage\",\"@id\":\"http:\/\/tgcars.es\/vende-tu-coche\/\",\"url\":\"http:\/\/tgcars.es\/vende-tu-coche\/\",\"name\":\"Vende tu coche - TG Cars - Compra Venta de Coches\",\"isPartOf\":{\"@id\":\"http:\/\/tgcars.es\/#website\"},\"datePublished\":\"2023-06-26T18:13:16+00:00\",\"dateModified\":\"2023-08-22T18:41:07+00:00\",\"breadcrumb\":{\"@id\":\"http:\/\/tgcars.es\/vende-tu-coche\/#breadcrumb\"},\"inLanguage\":\"en-GB\",\"potentialAction\":[{\"@type\":\"ReadAction\",\"target\":[\"http:\/\/tgcars.es\/vende-tu-coche\/\"]}]},{\"@type\":\"BreadcrumbList\",\"@id\":\"http:\/\/tgcars.es\/vende-tu-coche\/#breadcrumb\",\"itemListElement\":[{\"@type\":\"ListItem\",\"position\":1,\"name\":\"Portada\",\"item\":\"http:\/\/tgcars.es\/\"},{\"@type\":\"ListItem\",\"position\":2,\"name\":\"Vende tu coche\"}]},{\"@type\":\"WebSite\",\"@id\":\"http:\/\/tgcars.es\/#website\",\"url\":\"http:\/\/tgcars.es\/\",\"name\":\"TG Cars - Compra Venta de Coches\",\"description\":\"Otro sitio realizado con WordPress\",\"potentialAction\":[{\"@type\":\"SearchAction\",\"target\":{\"@type\":\"EntryPoint\",\"urlTemplate\":\"http:\/\/tgcars.es\/?s={search_term_string}\"},\"query-input\":{\"@type\":\"PropertyValueSpecification\",\"valueRequired\":true,\"valueName\":\"search_term_string\"}}],\"inLanguage\":\"en-GB\"}]}<\/script>\n<!-- \/ Yoast SEO plugin. -->","yoast_head_json":{"title":"Vende tu coche - TG Cars - Compra Venta de Coches","robots":{"index":"index","follow":"follow","max-snippet":"max-snippet:-1","max-image-preview":"max-image-preview:large","max-video-preview":"max-video-preview:-1"},"canonical":"http:\/\/tgcars.es\/en\/vende-tu-coche\/","og_locale":"en_GB","og_type":"article","og_title":"Vende tu coche - TG Cars - Compra Venta de Coches","og_description":"\u00bfEst\u00e1s pensando en vender o cambiar tu coche? En Tgcars, te ofrecemos la oportunidad de vender tu coche de manera eficiente y sin complicaciones. Sabemos que vender un coche puede ser un proceso tedioso y consumir mucho tiempo, pero con nuestro servicio, podr\u00e1s deshacerte de tu veh\u00edculo de forma f\u00e1cil y segura. Nuestro equipo de...","og_url":"http:\/\/tgcars.es\/en\/vende-tu-coche\/","og_site_name":"TG Cars - Compra Venta de Coches","article_modified_time":"2023-08-22T18:41:07+00:00","twitter_card":"summary_large_image","twitter_misc":{"Estimated reading time":"1 minute"},"schema":{"@context":"https:\/\/schema.org","@graph":[{"@type":"WebPage","@id":"http:\/\/tgcars.es\/vende-tu-coche\/","url":"http:\/\/tgcars.es\/vende-tu-coche\/","name":"Vende tu coche - TG Cars - Compra Venta de Coches","isPartOf":{"@id":"http:\/\/tgcars.es\/#website"},"datePublished":"2023-06-26T18:13:16+00:00","dateModified":"2023-08-22T18:41:07+00:00","breadcrumb":{"@id":"http:\/\/tgcars.es\/vende-tu-coche\/#breadcrumb"},"inLanguage":"en-GB","potentialAction":[{"@type":"ReadAction","target":["http:\/\/tgcars.es\/vende-tu-coche\/"]}]},{"@type":"BreadcrumbList","@id":"http:\/\/tgcars.es\/vende-tu-coche\/#breadcrumb","itemListElement":[{"@type":"ListItem","position":1,"name":"Portada","item":"http:\/\/tgcars.es\/"},{"@type":"ListItem","position":2,"name":"Vende tu coche"}]},{"@type":"WebSite","@id":"http:\/\/tgcars.es\/#website","url":"http:\/\/tgcars.es\/","name":"TG Cars - Compra Venta de Coches","description":"Otro sitio realizado con WordPress","potentialAction":[{"@type":"SearchAction","target":{"@type":"EntryPoint","urlTemplate":"http:\/\/tgcars.es\/?s={search_term_string}"},"query-input":{"@type":"PropertyValueSpecification","valueRequired":true,"valueName":"search_term_string"}}],"inLanguage":"en-GB"}]}},"_links":{"self":[{"href":"http:\/\/tgcars.es\/en\/wp-json\/wp\/v2\/pages\/3306","targetHints":{"allow":["GET"]}}],"collection":[{"href":"http:\/\/tgcars.es\/en\/wp-json\/wp\/v2\/pages"}],"about":[{"href":"http:\/\/tgcars.es\/en\/wp-json\/wp\/v2\/types\/page"}],"author":[{"embeddable":true,"href":"http:\/\/tgcars.es\/en\/wp-json\/wp\/v2\/users\/1"}],"replies":[{"embeddable":true,"href":"http:\/\/tgcars.es\/en\/wp-json\/wp\/v2\/comments?post=3306"}],"version-history":[{"count":17,"href":"http:\/\/tgcars.es\/en\/wp-json\/wp\/v2\/pages\/3306\/revisions"}],"predecessor-version":[{"id":3699,"href":"http:\/\/tgcars.es\/en\/wp-json\/wp\/v2\/pages\/3306\/revisions\/3699"}],"wp:attachment":[{"href":"http:\/\/tgcars.es\/en\/wp-json\/wp\/v2\/media?parent=3306"}],"curies":[{"name":"wp","href":"https:\/\/api.w.org\/{rel}","templated":true}]}}